{"id":63,"date":"2016-07-21T15:36:17","date_gmt":"2016-07-21T15:36:17","guid":{"rendered":"http:\/\/demo.hashthemes.com\/total\/?page_id=63"},"modified":"2024-10-21T08:36:20","modified_gmt":"2024-10-21T08:36:20","slug":"ercan-hatipoglu","status":"publish","type":"page","link":"https:\/\/tunavakfi.org\/?page_id=63","title":{"rendered":"ERCAN HAT\u0130PO\u011eLU"},"content":{"rendered":"\t\t<div data-elementor-type=\"wp-page\" data-elementor-id=\"63\" class=\"elementor elementor-63\">\n\t\t\t\t<div class=\"elementor-element elementor-element-4e619a2c e-flex e-con-boxed e-con e-parent\" data-id=\"4e619a2c\" data-element_type=\"container\" data-e-type=\"container\">\n\t\t\t\t\t<div class=\"e-con-inner\">\n\t\t\t\t<div class=\"elementor-element elementor-element-7976c5c6 elementor-widget elementor-widget-text-editor\" data-id=\"7976c5c6\" data-element_type=\"widget\" data-e-type=\"widget\" data-widget_type=\"text-editor.default\">\n\t\t\t\t<div class=\"elementor-widget-container\">\n\t\t\t\t\t\t\t\t\t<p><\/p>\n<div class=\"wp-block-columns is-layout-flex wp-container-core-columns-is-layout-9d6595d7 wp-block-columns-is-layout-flex\"><p><\/p>\n<div class=\"wp-block-column is-layout-flow wp-block-column-is-layout-flow\" style=\"flex-basis:50%\"><p><\/p>\n<figure class=\"wp-block-image size-full is-style-default\"><img fetchpriority=\"high\" decoding=\"async\" width=\"320\" height=\"420\" src=\"https:\/\/tunavakfi.org\/wp-content\/uploads\/2023\/07\/Ercan-hatipoglu.jpg\" alt=\"\" class=\"wp-image-1175\" srcset=\"https:\/\/tunavakfi.org\/wp-content\/uploads\/2023\/07\/Ercan-hatipoglu.jpg 320w, https:\/\/tunavakfi.org\/wp-content\/uploads\/2023\/07\/Ercan-hatipoglu-229x300.jpg 229w\" sizes=\"(max-width: 320px) 100vw, 320px\" \/><\/figure>\n<p><\/p><\/div>\n<p><\/p>\n<p><\/p>\n<div class=\"wp-block-column is-layout-flow wp-block-column-is-layout-flow\" style=\"flex-basis:50%\"><p><\/p>\n<h2 class=\"wp-block-heading\" style=\"font-size:40px\">ERCAN HAT\u0130PO\u011eLU<\/h2>\n<p><\/p>\n<p><\/p>\n<p><strong>Ercan Hatipo\u011flu kimdir?<\/strong><\/p>\n<p><\/p>\n<p><\/p>\n<p>17.03.1983 y\u0131l\u0131nda Bulgaristan\u2019 da do\u011fdum. 6 ya\u015f\u0131na kadar \u00e7ocuklu\u011fum Almaldere k\u00f6y\u00fcnde ge\u00e7ti. 1989 y\u0131l\u0131nda ailem ile beraber T\u00fcrkiye\u2019 ye \u0130zmir iline g\u00f6\u00e7 ettim. \u0130lkokul, Ortaokul ve liseyi \u0130zmir\u2019 de okudum.<\/p>\n<p><\/p>\n<p><\/p>\n<p>\u00dcniversite e\u011fitimimi yurt d\u0131\u015f\u0131nda tamamlad\u0131m.<\/p>\n<p><\/p>\n<p><\/p>\n<p>Elektrik-Elektronik M\u00fchendisli\u011fi, Sofya Teknik \u00dcniversitesi (lisans 2000\/2006)<\/p>\n<p><\/p>\n<p><\/p>\n<p>\u0130\u015fletme Fak\u00fcltesi, Anadolu \u00dcniversitesi (lisans 2005\/2010)<\/p>\n<p><\/p>\n<p><\/p>\n<p>\u0130lahiyat Fak\u00fcltesi, Anadolu \u00dcniversitesi (lisans 2005\/2010)<\/p>\n<p><\/p>\n<p><\/p>\n<p>\u0130\u015fletme MBA, \u0130zmir Ekonomi \u00dcniversitesi (y\u00fcksek lisans 2021)<\/p><p>\u0130\u015fletme Y\u00f6netimi Doktoras\u0131, \u0130nternational Dublin University (Doktora 2022)<br><\/p>\n<p><\/p>\n<p><\/p>\n<p>b\u00f6l\u00fcmlerini bitirdim. Profesyonel i\u015f hayat\u0131na \u00f6zel sekt\u00f6rde 2008 y\u0131l\u0131nda ba\u015flad\u0131m. (Sat\u0131\u015f-Pazarlama). 8 y\u0131l aktif olarak, s\u0131ras\u0131yla, sat\u0131\u015f-pazarlama uzman\u0131, b\u00f6lge m\u00fcd\u00fcrl\u00fc\u011f\u00fc g\u00f6revlerinde bulundum. Daha sonra kazan\u0131m ve deneyimleri kurumsal alana ta\u015f\u0131mak amac\u0131yla giri\u015fimimi ger\u00e7ekle\u015ftirdim.<\/p>\n<p><\/p>\n<p><\/p>\n<p>2015 y\u0131l\u0131nda, Tuna Tart\u0131 ve Elektronik Sistemler firmas\u0131n\u0131 kurdum. (www.tunasistem.com.tr);&nbsp;<\/p>\n<p><\/p>\n<p><\/p>\n<p>2018 y\u0131l\u0131nda, KantarBurada, ikinci grup \u015firketimizi kurdum. (www.kantarburada.com);&nbsp;<\/p>\n<p><\/p>\n<p><\/p>\n<p>2020 y\u0131l\u0131nda, Tuna Energy, \u00fc\u00e7\u00fcnc\u00fc grup \u015firketimizi kurdum. (www.tunaenergy.com);<\/p>\n<p><\/p>\n<p><\/p>\n<p>2021 y\u0131l\u0131nda, Tuna Academy, d\u00f6rd\u00fcnc\u00fc grup \u015firketimizi kurdum. (www.tunaacademy.com)<\/p>\n<p><\/p>\n<p><\/p>\n<p>2021 y\u0131l\u0131nda \u2018\u2019Tuna Vak\u0131f\u2019\u2019 kurulma \u00e7al\u0131\u015fmalar\u0131n\u0131 devam ettiriyorum. \u0130\u015fletme Ko\u00e7u olarak e\u011fitim ve e\u011fitimlerimiz devam etmektedir. Sat\u0131\u015f \u2013 Pazarlama ile ilgili makale ve kitaplar yaz\u0131yorum.<\/p>\n<p><\/p>\n<p><\/p>\n<p>2022 y\u0131l\u0131nda, Tuna CRM firmas\u0131n\u0131 kurdum. M\u00fc\u015fteri ili\u015fkileri y\u00f6netimi (CRM), m\u00fc\u015fteri ili\u015fkilerini etkili bir \u015fekilde y\u00f6netmek, analiz etmek ve iyile\u015ftirmek i\u00e7in kapsaml\u0131 bir yaz\u0131l\u0131m firmas\u0131d\u0131r.<\/p>\n<p><\/p>\n<p><\/p>\n<p>Kendimi, m\u00fchendis, i\u015fletmeci, sanayici, yazar, i\u015f adam\u0131 ve aile babas\u0131 olarak tan\u0131mlayabilirim. Evliyim ve 2 \u00e7ocuk babas\u0131y\u0131m.<\/p>\n<p><\/p>\n<p><\/p>\n<div class=\"wp-block-columns is-layout-flex wp-container-core-columns-is-layout-9d6595d7 wp-block-columns-is-layout-flex\"><p><\/p>\n<div class=\"wp-block-column is-layout-flow wp-block-column-is-layout-flow\" style=\"flex-basis:100%\"><p><\/p>\n<h4 class=\"wp-block-heading\">\u0130leti\u015fime Ge\u00e7in<\/h4>\n<p><\/p>\n<p><\/p>\n<ul class=\"wp-block-social-links is-style-default is-layout-flex wp-block-social-links-is-layout-flex\"><li class=\"wp-social-link wp-social-link-linkedin  wp-block-social-link\"><a rel=\"noopener nofollow\" target=\"_blank\" href=\"https:\/\/tr.linkedin.com\/in\/ercan-hatipo%C4%9Flu-478135145\" class=\"wp-block-social-link-anchor\"><svg width=\"24\" height=\"24\" viewBox=\"0 0 24 24\" version=\"1.1\" xmlns=\"http:\/\/www.w3.org\/2000\/svg\" aria-hidden=\"true\" focusable=\"false\"><path d=\"M19.7,3H4.3C3.582,3,3,3.582,3,4.3v15.4C3,20.418,3.582,21,4.3,21h15.4c0.718,0,1.3-0.582,1.3-1.3V4.3 C21,3.582,20.418,3,19.7,3z M8.339,18.338H5.667v-8.59h2.672V18.338z M7.004,8.574c-0.857,0-1.549-0.694-1.549-1.548 c0-0.855,0.691-1.548,1.549-1.548c0.854,0,1.547,0.694,1.547,1.548C8.551,7.881,7.858,8.574,7.004,8.574z M18.339,18.338h-2.669 v-4.177c0-0.996-0.017-2.278-1.387-2.278c-1.389,0-1.601,1.086-1.601,2.206v4.249h-2.667v-8.59h2.559v1.174h0.037 c0.356-0.675,1.227-1.387,2.526-1.387c2.703,0,3.203,1.779,3.203,4.092V18.338z\"><\/path><\/svg><span class=\"wp-block-social-link-label screen-reader-text\">LinkedIn<\/span><\/a><\/li><\/ul>\n<p><\/p><\/div>\n<p><\/p><\/div>\n<p><\/p><\/div>\n<p><\/p><\/div>\n<p><\/p>\t\t\t\t\t\t\t\t<\/div>\n\t\t\t\t<\/div>\n\t\t\t\t\t<\/div>\n\t\t\t\t<\/div>\n\t\t\t\t<\/div>\n\t\t","protected":false},"excerpt":{"rendered":"<p>ERCAN HAT\u0130PO\u011eLU Ercan Hatipo\u011flu kimdir? 17.03.1983 y\u0131l\u0131nda Bulgaristan\u2019 da do\u011fdum. 6 ya\u015f\u0131na kadar \u00e7ocuklu\u011fum Almaldere k\u00f6y\u00fcnde ge\u00e7ti. 1989 y\u0131l\u0131nda ailem ile beraber T\u00fcrkiye\u2019 ye \u0130zmir iline g\u00f6\u00e7 ettim. \u0130lkokul, Ortaokul ve liseyi \u0130zmir\u2019 de okudum. \u00dcniversite e\u011fitimimi yurt d\u0131\u015f\u0131nda tamamlad\u0131m. Elektrik-Elektronik M\u00fchendisli\u011fi, Sofya Teknik \u00dcniversitesi (lisans 2000\/2006) \u0130\u015fletme Fak\u00fcltesi, Anadolu \u00dcniversitesi (lisans 2005\/2010) \u0130lahiyat Fak\u00fcltesi, [&hellip;]<\/p>\n","protected":false},"author":1,"featured_media":1175,"parent":0,"menu_order":0,"comment_status":"closed","ping_status":"closed","template":"","meta":{"footnotes":""},"class_list":["post-63","page","type-page","status-publish","has-post-thumbnail","hentry"],"_links":{"self":[{"href":"https:\/\/tunavakfi.org\/index.php?rest_route=\/wp\/v2\/pages\/63","targetHints":{"allow":["GET"]}}],"collection":[{"href":"https:\/\/tunavakfi.org\/index.php?rest_route=\/wp\/v2\/pages"}],"about":[{"href":"https:\/\/tunavakfi.org\/index.php?rest_route=\/wp\/v2\/types\/page"}],"author":[{"embeddable":true,"href":"https:\/\/tunavakfi.org\/index.php?rest_route=\/wp\/v2\/users\/1"}],"replies":[{"embeddable":true,"href":"https:\/\/tunavakfi.org\/index.php?rest_route=%2Fwp%2Fv2%2Fcomments&post=63"}],"version-history":[{"count":10,"href":"https:\/\/tunavakfi.org\/index.php?rest_route=\/wp\/v2\/pages\/63\/revisions"}],"predecessor-version":[{"id":1214,"href":"https:\/\/tunavakfi.org\/index.php?rest_route=\/wp\/v2\/pages\/63\/revisions\/1214"}],"wp:featuredmedia":[{"embeddable":true,"href":"https:\/\/tunavakfi.org\/index.php?rest_route=\/wp\/v2\/media\/1175"}],"wp:attachment":[{"href":"https:\/\/tunavakfi.org\/index.php?rest_route=%2Fwp%2Fv2%2Fmedia&parent=63"}],"curies":[{"name":"wp","href":"https:\/\/api.w.org\/{rel}","templated":true}]}}